{"id":3506,"date":"2021-05-30T23:41:27","date_gmt":"2021-05-30T23:41:27","guid":{"rendered":"https:\/\/new.mascotascolombia.org\/?page_id=3506"},"modified":"2023-08-16T04:28:36","modified_gmt":"2023-08-16T04:28:36","slug":"tienda-mc","status":"publish","type":"page","link":"https:\/\/mascotascolombia.org\/index.php\/tienda-mc\/","title":{"rendered":"Tienda MC"},"content":{"rendered":"\t\t<div data-elementor-type=\"wp-page\" data-elementor-id=\"3506\" class=\"elementor elementor-3506\" data-elementor-post-type=\"page\">\n\t\t\t\t\t\t<section data-jltma-particle=\"{\n                                  &quot;particles&quot;: {\n                                    &quot;number&quot;: {\n                                      &quot;value&quot;: 80,\n                                      &quot;density&quot;: {\n                                        &quot;enable&quot;: true,\n                                        &quot;value_area&quot;: 800\n                                      }\n                                    },\n                                    &quot;color&quot;: {\n                                      &quot;value&quot;: &quot;#ffffff&quot;\n                                    },\n                                    &quot;shape&quot;: {\n                                      &quot;type&quot;: &quot;circle&quot;,\n                                      &quot;stroke&quot;: {\n                                        &quot;width&quot;: 0,\n                                        &quot;color&quot;: &quot;#000000&quot;\n                                      },\n                                      &quot;polygon&quot;: {\n                                        &quot;nb_sides&quot;: 5\n                                      },\n                                      &quot;image&quot;: {\n                                        &quot;src&quot;: &quot;img\/github.svg&quot;,\n                                        &quot;width&quot;: 100,\n                                        &quot;height&quot;: 100\n                                      }\n                                    },\n                                    &quot;opacity&quot;: {\n                                      &quot;value&quot;: 0.5,\n                                      &quot;random&quot;: false,\n                                      &quot;anim&quot;: {\n                                        &quot;enable&quot;: false,\n                                        &quot;speed&quot;: 1,\n                                        &quot;opacity_min&quot;: 0.1,\n                                        &quot;sync&quot;: false\n                                      }\n                                    },\n                                    &quot;size&quot;: {\n                                      &quot;value&quot;: 3,\n                                      &quot;random&quot;: true,\n                                      &quot;anim&quot;: {\n                                        &quot;enable&quot;: false,\n                                        &quot;speed&quot;: 40,\n                                        &quot;size_min&quot;: 0.1,\n                                        &quot;sync&quot;: false\n                                      }\n                                    },\n                                    &quot;line_linked&quot;: {\n                                      &quot;enable&quot;: true,\n                                      &quot;distance&quot;: 150,\n                                      &quot;color&quot;: &quot;#ffffff&quot;,\n                                      &quot;opacity&quot;: 0.4,\n                                      &quot;width&quot;: 1\n                                    },\n                                    &quot;move&quot;: {\n                                      &quot;enable&quot;: true,\n                                      &quot;speed&quot;: 6,\n                                      &quot;direction&quot;: &quot;none&quot;,\n                                      &quot;random&quot;: false,\n                                      &quot;straight&quot;: false,\n                                      &quot;out_mode&quot;: &quot;out&quot;,\n                                      &quot;bounce&quot;: false,\n                                      &quot;attract&quot;: {\n                                        &quot;enable&quot;: false,\n                                        &quot;rotateX&quot;: 600,\n                                        &quot;rotateY&quot;: 1200\n                                      }\n                                    }\n                                  },\n                                  &quot;interactivity&quot;: {\n                                    &quot;detect_on&quot;: &quot;canvas&quot;,\n                                    &quot;events&quot;: {\n                                      &quot;onhover&quot;: {\n                                        &quot;enable&quot;: true,\n                                        &quot;mode&quot;: &quot;repulse&quot;\n                                      },\n                                      &quot;onclick&quot;: {\n                                        &quot;enable&quot;: true,\n                                        &quot;mode&quot;: &quot;push&quot;\n                                      },\n                                      &quot;resize&quot;: true\n                                    },\n                                    &quot;modes&quot;: {\n                                      &quot;grab&quot;: {\n                                        &quot;distance&quot;: 400,\n                                        &quot;line_linked&quot;: {\n                                          &quot;opacity&quot;: 1\n                                        }\n                                      },\n                                      &quot;bubble&quot;: {\n                                        &quot;distance&quot;: 400,\n                                        &quot;size&quot;: 40,\n                                        &quot;duration&quot;: 2,\n                                        &quot;opacity&quot;: 8,\n                                        &quot;speed&quot;: 3\n                                      },\n                                      &quot;repulse&quot;: {\n                                        &quot;distance&quot;: 200,\n                                        &quot;duration&quot;: 0.4\n                                      },\n                                      &quot;push&quot;: {\n                                        &quot;particles_nb&quot;: 4\n                                      },\n                                      &quot;remove&quot;: {\n                                        &quot;particles_nb&quot;: 2\n                                      }\n                                    }\n                                  },\n                                  &quot;retina_detect&quot;: true\n                                }\" class=\"has_ma_el_bg_slider elementor-section elementor-top-section elementor-element elementor-element-1da112b elementor-section-full_width elementor-section-stretched jltma-particle-yes elementor-section-height-default elementor-section-height-default jltma-glass-effect-no elementor-invisible\" data-particle_enable=\"false\" data-particle-mobile-disabled=\"false\" data-id=\"1da112b\" data-element_type=\"section\" data-e-type=\"section\" data-settings=\"{&quot;stretch_section&quot;:&quot;section-stretched&quot;,&quot;background_background&quot;:&quot;classic&quot;,&quot;animation&quot;:&quot;bounceInDown&quot;,&quot;ma_el_particle_area_zindex&quot;:0}\">\n\t\t\t\t\t\t<div class=\"elementor-container elementor-column-gap-default\">\n\t\t\t\t\t<div class=\"has_ma_el_bg_slider elementor-column elementor-col-100 elementor-top-column elementor-element elementor-element-ef3fddc jltma-glass-effect-no\" data-id=\"ef3fddc\" data-element_type=\"column\" data-e-type=\"column\">\n\t\t\t<div class=\"elementor-widget-wrap elementor-element-populated\">\n\t\t\t\t\t\t<div class=\"elementor-element elementor-element-e88ed43 jltma-glass-effect-no elementor-widget elementor-widget-spacer\" data-id=\"e88ed43\" data-element_type=\"widget\" data-e-type=\"widget\" data-widget_type=\"spacer.default\">\n\t\t\t\t<div class=\"elementor-widget-container\">\n\t\t\t\t\t\t\t<div class=\"elementor-spacer\">\n\t\t\t<div class=\"elementor-spacer-inner\"><\/div>\n\t\t<\/div>\n\t\t\t\t\t\t<\/div>\n\t\t\t\t<\/div>\n\t\t\t\t\t<\/div>\n\t\t<\/div>\n\t\t\t\t\t<\/div>\n\t\t<\/section>\n\t\t      <style>\n        .elementor-element-1da112b.jltma-particle-wrapper>canvas {\n          z-index: 0;\n          position: absolute;\n          top: 0;\n        }\n      <\/style>\n\t\t<section class=\"has_ma_el_bg_slider elementor-section elementor-top-section elementor-element elementor-element-25705be elementor-section-stretched elementor-section-boxed elementor-section-height-default elementor-section-height-default jltma-glass-effect-no\" data-particle_enable=\"false\" data-particle-mobile-disabled=\"false\" data-id=\"25705be\" data-element_type=\"section\" data-e-type=\"section\" data-settings=\"{&quot;stretch_section&quot;:&quot;section-stretched&quot;}\">\n\t\t\t\t\t\t<div class=\"elementor-container elementor-column-gap-default\">\n\t\t\t\t\t<div class=\"has_ma_el_bg_slider elementor-column elementor-col-100 elementor-top-column elementor-element elementor-element-ac3be11 jltma-glass-effect-no\" data-id=\"ac3be11\" data-element_type=\"column\" data-e-type=\"column\">\n\t\t\t<div class=\"elementor-widget-wrap elementor-element-populated\">\n\t\t\t\t\t\t<div class=\"elementor-element elementor-element-85ea627 elementor-grid-4 elementor-grid-tablet-3 elementor-grid-mobile-2 elementor-products-grid elementor-wc-products jltma-glass-effect-no elementor-widget elementor-widget-woocommerce-products\" data-id=\"85ea627\" data-element_type=\"widget\" data-e-type=\"widget\" data-widget_type=\"woocommerce-products.default\">\n\t\t\t\t<div class=\"elementor-widget-container\">\n\t\t\t\t\t<div class=\"woocommerce columns-4 \">\r\n<ul class=\"products elementor-grid oceanwp-row clr grid\">\r\n<li class=\"entry has-media has-product-nav col span_1_of_4 owp-content-center owp-thumbs-layout-horizontal owp-btn-normal owp-tabs-layout-horizontal has-no-thumbnails product type-product post-3545 status-publish first instock product_cat-mascotas has-post-thumbnail shipping-taxable purchasable product-type-simple\">\n\t<div class=\"product-inner clr\">\r\n\t<div class=\"woo-entry-image clr\">\r\n\t\t<a href=\"https:\/\/mascotascolombia.org\/index.php\/producto\/chip-de-identificacion-subcutaneo-membresia-vip\/\" class=\"woocommerce-LoopProduct-link\"><img fetchpriority=\"high\" decoding=\"async\" width=\"300\" height=\"300\" src=\"https:\/\/mascotascolombia.org\/wp-content\/uploads\/2021\/05\/1-2-300x300-1.jpg\" class=\"woo-entry-image-main\" alt=\"Chip de identificaci\u00f3n Subcut\u00e1neo + Membresia VIP\" itemprop=\"image\" srcset=\"https:\/\/mascotascolombia.org\/wp-content\/uploads\/2021\/05\/1-2-300x300-1.jpg 300w, https:\/\/mascotascolombia.org\/wp-content\/uploads\/2021\/05\/1-2-300x300-1-100x100.jpg 100w, https:\/\/mascotascolombia.org\/wp-content\/uploads\/2021\/05\/1-2-300x300-1-150x150.jpg 150w\" sizes=\"(max-width: 300px) 100vw, 300px\" \/><\/a><a href=\"#\" id=\"product_id_3545\" class=\"owp-quick-view\" data-product_id=\"3545\" aria-label=\"Vista previa r\u00e1pida de productos Chip de identificaci\u00f3n Subcut\u00e1neo + Membresia VIP\"><i class=\" icon-eye\" aria-hidden=\"true\" role=\"img\"><\/i> Vista r\u00e1pida<\/a>\t<\/div><!-- .woo-entry-image -->\r\n\r\n<ul class=\"woo-entry-inner clr\"><li class=\"image-wrap\">\r\n\t<div class=\"woo-entry-image clr\">\r\n\t\t<a href=\"https:\/\/mascotascolombia.org\/index.php\/producto\/chip-de-identificacion-subcutaneo-membresia-vip\/\" class=\"woocommerce-LoopProduct-link\"><img fetchpriority=\"high\" decoding=\"async\" width=\"300\" height=\"300\" src=\"https:\/\/mascotascolombia.org\/wp-content\/uploads\/2021\/05\/1-2-300x300-1.jpg\" class=\"woo-entry-image-main\" alt=\"Chip de identificaci\u00f3n Subcut\u00e1neo + Membresia VIP\" itemprop=\"image\" srcset=\"https:\/\/mascotascolombia.org\/wp-content\/uploads\/2021\/05\/1-2-300x300-1.jpg 300w, https:\/\/mascotascolombia.org\/wp-content\/uploads\/2021\/05\/1-2-300x300-1-100x100.jpg 100w, https:\/\/mascotascolombia.org\/wp-content\/uploads\/2021\/05\/1-2-300x300-1-150x150.jpg 150w\" sizes=\"(max-width: 300px) 100vw, 300px\" \/><\/a><a href=\"#\" id=\"product_id_3545\" class=\"owp-quick-view\" data-product_id=\"3545\" aria-label=\"Vista previa r\u00e1pida de productos Chip de identificaci\u00f3n Subcut\u00e1neo + Membresia VIP\"><i class=\" icon-eye\" aria-hidden=\"true\" role=\"img\"><\/i> Vista r\u00e1pida<\/a>\t<\/div><!-- .woo-entry-image -->\r\n\r\n<\/li><li class=\"category\"><a href=\"https:\/\/mascotascolombia.org\/index.php\/categoria-producto\/mascotas\/\" rel=\"tag\">.Mascotas<\/a><\/li><li class=\"price-wrap\">\n\t<span class=\"price\"><span class=\"woocommerce-Price-amount amount\"><bdi><span class=\"woocommerce-Price-currencySymbol\">&#36;<\/span>60.000<\/bdi><\/span><\/span>\n<\/li><li class=\"title\"><h2><a href=\"https:\/\/mascotascolombia.org\/index.php\/producto\/chip-de-identificacion-subcutaneo-membresia-vip\/\">Chip de identificaci\u00f3n Subcut\u00e1neo + Membresia VIP<\/a><\/h2><\/li><li class=\"rating\"><\/li><li class=\"btn-wrap clr\"><a href=\"\/index.php\/wp-json\/wp\/v2\/pages\/3506?add-to-cart=3545\" aria-describedby=\"woocommerce_loop_add_to_cart_link_describedby_3545\" data-quantity=\"1\" class=\"button product_type_simple add_to_cart_button ajax_add_to_cart\" data-product_id=\"3545\" data-product_sku=\"\" aria-label=\"A\u00f1adir al carrito: &ldquo;Chip de identificaci\u00f3n Subcut\u00e1neo + Membresia VIP&rdquo;\" rel=\"nofollow\" data-success_message=\"\u00abChip de identificaci\u00f3n Subcut\u00e1neo + Membresia VIP\u00bb se ha a\u00f1adido a tu carrito\">A\u00f1adir al carrito<\/a>\t<span id=\"woocommerce_loop_add_to_cart_link_describedby_3545\" class=\"screen-reader-text\">\n\t\t\t<\/span>\n<\/li><\/ul><\/div><!-- .product-inner .clr --><\/li>\n<li class=\"entry has-media has-product-nav col span_1_of_4 owp-content-center owp-thumbs-layout-horizontal owp-btn-normal owp-tabs-layout-horizontal product type-product post-3534 status-publish instock product_cat-mascotas has-post-thumbnail sale shipping-taxable purchasable product-type-simple\">\n\t<div class=\"product-inner clr\">\r\n\t<div class=\"woo-entry-image-swap woo-entry-image clr\">\r\n\t\t<a href=\"https:\/\/mascotascolombia.org\/index.php\/producto\/lector-de-microchip-petscanner\/\" class=\"woocommerce-LoopProduct-link\"><img decoding=\"async\" width=\"300\" height=\"300\" src=\"https:\/\/mascotascolombia.org\/wp-content\/uploads\/2023\/08\/3-300x300.jpg\" class=\"woo-entry-image-main\" alt=\"Lector de Microchip Hand Reader\" itemprop=\"image\" srcset=\"https:\/\/mascotascolombia.org\/wp-content\/uploads\/2023\/08\/3-300x300.jpg 300w, https:\/\/mascotascolombia.org\/wp-content\/uploads\/2023\/08\/3-100x100.jpg 100w, https:\/\/mascotascolombia.org\/wp-content\/uploads\/2023\/08\/3-600x600.jpg 600w, https:\/\/mascotascolombia.org\/wp-content\/uploads\/2023\/08\/3-1024x1024.jpg 1024w, https:\/\/mascotascolombia.org\/wp-content\/uploads\/2023\/08\/3-150x150.jpg 150w, https:\/\/mascotascolombia.org\/wp-content\/uploads\/2023\/08\/3-768x768.jpg 768w, https:\/\/mascotascolombia.org\/wp-content\/uploads\/2023\/08\/3.jpg 1080w\" sizes=\"(max-width: 300px) 100vw, 300px\" \/><img decoding=\"async\" width=\"300\" height=\"300\" src=\"https:\/\/mascotascolombia.org\/wp-content\/uploads\/2021\/05\/2-6-300x300.jpg\" class=\"woo-entry-image-secondary\" alt=\"Lector de Microchip Hand Reader\" itemprop=\"image\" srcset=\"https:\/\/mascotascolombia.org\/wp-content\/uploads\/2021\/05\/2-6-300x300.jpg 300w, https:\/\/mascotascolombia.org\/wp-content\/uploads\/2021\/05\/2-6-100x100.jpg 100w, https:\/\/mascotascolombia.org\/wp-content\/uploads\/2021\/05\/2-6-600x600.jpg 600w, https:\/\/mascotascolombia.org\/wp-content\/uploads\/2021\/05\/2-6-1024x1024.jpg 1024w, https:\/\/mascotascolombia.org\/wp-content\/uploads\/2021\/05\/2-6-150x150.jpg 150w, https:\/\/mascotascolombia.org\/wp-content\/uploads\/2021\/05\/2-6-768x768.jpg 768w, https:\/\/mascotascolombia.org\/wp-content\/uploads\/2021\/05\/2-6.jpg 1080w\" sizes=\"(max-width: 300px) 100vw, 300px\" \/><\/a><a href=\"#\" id=\"product_id_3534\" class=\"owp-quick-view\" data-product_id=\"3534\" aria-label=\"Vista previa r\u00e1pida de productos Lector de Microchip Hand Reader\"><i class=\" icon-eye\" aria-hidden=\"true\" role=\"img\"><\/i> Vista r\u00e1pida<\/a>\t<\/div><!-- .woo-entry-image-swap -->\r\n\r\n<ul class=\"woo-entry-inner clr\"><li class=\"image-wrap\">\n\t<span class=\"onsale\">\u00a1Oferta!<\/span>\n\t\r\n\t<div class=\"woo-entry-image-swap woo-entry-image clr\">\r\n\t\t<a href=\"https:\/\/mascotascolombia.org\/index.php\/producto\/lector-de-microchip-petscanner\/\" class=\"woocommerce-LoopProduct-link\"><img decoding=\"async\" width=\"300\" height=\"300\" src=\"https:\/\/mascotascolombia.org\/wp-content\/uploads\/2023\/08\/3-300x300.jpg\" class=\"woo-entry-image-main\" alt=\"Lector de Microchip Hand Reader\" itemprop=\"image\" srcset=\"https:\/\/mascotascolombia.org\/wp-content\/uploads\/2023\/08\/3-300x300.jpg 300w, https:\/\/mascotascolombia.org\/wp-content\/uploads\/2023\/08\/3-100x100.jpg 100w, https:\/\/mascotascolombia.org\/wp-content\/uploads\/2023\/08\/3-600x600.jpg 600w, https:\/\/mascotascolombia.org\/wp-content\/uploads\/2023\/08\/3-1024x1024.jpg 1024w, https:\/\/mascotascolombia.org\/wp-content\/uploads\/2023\/08\/3-150x150.jpg 150w, https:\/\/mascotascolombia.org\/wp-content\/uploads\/2023\/08\/3-768x768.jpg 768w, https:\/\/mascotascolombia.org\/wp-content\/uploads\/2023\/08\/3.jpg 1080w\" sizes=\"(max-width: 300px) 100vw, 300px\" \/><img decoding=\"async\" width=\"300\" height=\"300\" src=\"https:\/\/mascotascolombia.org\/wp-content\/uploads\/2021\/05\/2-6-300x300.jpg\" class=\"woo-entry-image-secondary\" alt=\"Lector de Microchip Hand Reader\" itemprop=\"image\" srcset=\"https:\/\/mascotascolombia.org\/wp-content\/uploads\/2021\/05\/2-6-300x300.jpg 300w, https:\/\/mascotascolombia.org\/wp-content\/uploads\/2021\/05\/2-6-100x100.jpg 100w, https:\/\/mascotascolombia.org\/wp-content\/uploads\/2021\/05\/2-6-600x600.jpg 600w, https:\/\/mascotascolombia.org\/wp-content\/uploads\/2021\/05\/2-6-1024x1024.jpg 1024w, https:\/\/mascotascolombia.org\/wp-content\/uploads\/2021\/05\/2-6-150x150.jpg 150w, https:\/\/mascotascolombia.org\/wp-content\/uploads\/2021\/05\/2-6-768x768.jpg 768w, https:\/\/mascotascolombia.org\/wp-content\/uploads\/2021\/05\/2-6.jpg 1080w\" sizes=\"(max-width: 300px) 100vw, 300px\" \/><\/a><a href=\"#\" id=\"product_id_3534\" class=\"owp-quick-view\" data-product_id=\"3534\" aria-label=\"Vista previa r\u00e1pida de productos Lector de Microchip Hand Reader\"><i class=\" icon-eye\" aria-hidden=\"true\" role=\"img\"><\/i> Vista r\u00e1pida<\/a>\t<\/div><!-- .woo-entry-image-swap -->\r\n\r\n<\/li><li class=\"category\"><a href=\"https:\/\/mascotascolombia.org\/index.php\/categoria-producto\/mascotas\/\" rel=\"tag\">.Mascotas<\/a><\/li><li class=\"price-wrap\">\n\t<span class=\"price\"><del aria-hidden=\"true\"><span class=\"woocommerce-Price-amount amount\"><bdi><span class=\"woocommerce-Price-currencySymbol\">&#36;<\/span>280.000<\/bdi><\/span><\/del> <span class=\"screen-reader-text\">El precio original era: &#036;280.000.<\/span><ins aria-hidden=\"true\"><span class=\"woocommerce-Price-amount amount\"><bdi><span class=\"woocommerce-Price-currencySymbol\">&#36;<\/span>210.000<\/bdi><\/span><\/ins><span class=\"screen-reader-text\">El precio actual es: &#036;210.000.<\/span><\/span>\n<\/li><li class=\"title\"><h2><a href=\"https:\/\/mascotascolombia.org\/index.php\/producto\/lector-de-microchip-petscanner\/\">Lector de Microchip Hand Reader<\/a><\/h2><\/li><li class=\"rating\"><\/li><li class=\"btn-wrap clr\"><a href=\"\/index.php\/wp-json\/wp\/v2\/pages\/3506?add-to-cart=3534\" aria-describedby=\"woocommerce_loop_add_to_cart_link_describedby_3534\" data-quantity=\"1\" class=\"button product_type_simple add_to_cart_button ajax_add_to_cart\" data-product_id=\"3534\" data-product_sku=\"\" aria-label=\"A\u00f1adir al carrito: &ldquo;Lector de Microchip Hand Reader&rdquo;\" rel=\"nofollow\" data-success_message=\"\u00abLector de Microchip Hand Reader\u00bb se ha a\u00f1adido a tu carrito\">A\u00f1adir al carrito<\/a>\t<span id=\"woocommerce_loop_add_to_cart_link_describedby_3534\" class=\"screen-reader-text\">\n\t\t\t<\/span>\n<\/li><\/ul><\/div><!-- .product-inner .clr --><\/li>\n<\/ul>\n<\/div>\t\t\t\t<\/div>\n\t\t\t\t<\/div>\n\t\t\t\t\t<\/div>\n\t\t<\/div>\n\t\t\t\t\t<\/div>\n\t\t<\/section>\n\t\t\t\t<section class=\"has_ma_el_bg_slider elementor-section elementor-top-section elementor-element elementor-element-4b53439 elementor-section-full_width elementor-section-height-default elementor-section-height-default jltma-glass-effect-no\" data-particle_enable=\"false\" data-particle-mobile-disabled=\"false\" data-id=\"4b53439\" data-element_type=\"section\" data-e-type=\"section\">\n\t\t\t\t\t\t<div class=\"elementor-container elementor-column-gap-default\">\n\t\t\t\t\t<div class=\"has_ma_el_bg_slider elementor-column elementor-col-100 elementor-top-column elementor-element elementor-element-ae7a8ea jltma-glass-effect-no\" data-id=\"ae7a8ea\" data-element_type=\"column\" data-e-type=\"column\">\n\t\t\t<div class=\"elementor-widget-wrap elementor-element-populated\">\n\t\t\t\t\t\t<div class=\"elementor-element elementor-element-28ba4f9 elementor-widget-divider--view-line_icon elementor-view-default elementor-widget-divider--element-align-center jltma-glass-effect-no elementor-invisible elementor-widget elementor-widget-divider\" data-id=\"28ba4f9\" data-element_type=\"widget\" data-e-type=\"widget\" data-settings=\"{&quot;_animation&quot;:&quot;bounceInDown&quot;}\" data-widget_type=\"divider.default\">\n\t\t\t\t<div class=\"elementor-widget-container\">\n\t\t\t\t\t\t\t<div class=\"elementor-divider\">\n\t\t\t<span class=\"elementor-divider-separator\">\n\t\t\t\t\t\t\t<div class=\"elementor-icon elementor-divider__element\">\n\t\t\t\t\t<i aria-hidden=\"true\" class=\"fas fa-paw\"><\/i><\/div>\n\t\t\t\t\t\t<\/span>\n\t\t<\/div>\n\t\t\t\t\t\t<\/div>\n\t\t\t\t<\/div>\n\t\t\t\t\t<\/div>\n\t\t<\/div>\n\t\t\t\t\t<\/div>\n\t\t<\/section>\n\t\t\t\t<\/div>\n\t\t","protected":false},"excerpt":{"rendered":"","protected":false},"author":1,"featured_media":0,"parent":0,"menu_order":0,"comment_status":"closed","ping_status":"closed","template":"","meta":{"ocean_post_layout":"full-screen","ocean_both_sidebars_style":"","ocean_both_sidebars_content_width":0,"ocean_both_sidebars_sidebars_width":0,"ocean_sidebar":"0","ocean_second_sidebar":"0","ocean_disable_margins":"on","ocean_add_body_class":"","ocean_shortcode_before_top_bar":"","ocean_shortcode_after_top_bar":"","ocean_shortcode_before_header":"","ocean_shortcode_after_header":"","ocean_has_shortcode":"","ocean_shortcode_after_title":"","ocean_shortcode_before_footer_widgets":"","ocean_shortcode_after_footer_widgets":"","ocean_shortcode_before_footer_bottom":"","ocean_shortcode_after_footer_bottom":"","ocean_display_top_bar":"off","ocean_display_header":"on","ocean_header_style":"custom","ocean_center_header_left_menu":"0","ocean_custom_header_template":"172","ocean_custom_logo":0,"ocean_custom_retina_logo":0,"ocean_custom_logo_max_width":0,"ocean_custom_logo_tablet_max_width":0,"ocean_custom_logo_mobile_max_width":0,"ocean_custom_logo_max_height":0,"ocean_custom_logo_tablet_max_height":0,"ocean_custom_logo_mobile_max_height":0,"ocean_header_custom_menu":"2","ocean_menu_typo_font_family":"0","ocean_menu_typo_font_subset":"","ocean_menu_typo_font_size":0,"ocean_menu_typo_font_size_tablet":0,"ocean_menu_typo_font_size_mobile":0,"ocean_menu_typo_font_size_unit":"px","ocean_menu_typo_font_weight":"","ocean_menu_typo_font_weight_tablet":"","ocean_menu_typo_font_weight_mobile":"","ocean_menu_typo_transform":"","ocean_menu_typo_transform_tablet":"","ocean_menu_typo_transform_mobile":"","ocean_menu_typo_line_height":0,"ocean_menu_typo_line_height_tablet":0,"ocean_menu_typo_line_height_mobile":0,"ocean_menu_typo_line_height_unit":"","ocean_menu_typo_spacing":0,"ocean_menu_typo_spacing_tablet":0,"ocean_menu_typo_spacing_mobile":0,"ocean_menu_typo_spacing_unit":"","ocean_menu_link_color":"","ocean_menu_link_color_hover":"","ocean_menu_link_color_active":"","ocean_menu_link_background":"","ocean_menu_link_hover_background":"","ocean_menu_link_active_background":"","ocean_menu_social_links_bg":"","ocean_menu_social_hover_links_bg":"","ocean_menu_social_links_color":"","ocean_menu_social_hover_links_color":"","ocean_disable_title":"on","ocean_disable_heading":"on","ocean_post_title":"","ocean_post_subheading":"","ocean_post_title_style":"","ocean_post_title_background_color":"","ocean_post_title_background":0,"ocean_post_title_bg_image_position":"","ocean_post_title_bg_image_attachment":"","ocean_post_title_bg_image_repeat":"","ocean_post_title_bg_image_size":"","ocean_post_title_height":0,"ocean_post_title_bg_overlay":0.5,"ocean_post_title_bg_overlay_color":"","ocean_disable_breadcrumbs":"off","ocean_breadcrumbs_color":"","ocean_breadcrumbs_separator_color":"","ocean_breadcrumbs_links_color":"","ocean_breadcrumbs_links_hover_color":"","ocean_display_footer_widgets":"on","ocean_display_footer_bottom":"off","ocean_custom_footer_template":"351","footnotes":""},"class_list":["post-3506","page","type-page","status-publish","hentry","entry","owp-thumbs-layout-horizontal","owp-btn-normal","owp-tabs-layout-horizontal","has-no-thumbnails","has-product-nav"],"_links":{"self":[{"href":"https:\/\/mascotascolombia.org\/index.php\/wp-json\/wp\/v2\/pages\/3506","targetHints":{"allow":["GET"]}}],"collection":[{"href":"https:\/\/mascotascolombia.org\/index.php\/wp-json\/wp\/v2\/pages"}],"about":[{"href":"https:\/\/mascotascolombia.org\/index.php\/wp-json\/wp\/v2\/types\/page"}],"author":[{"embeddable":true,"href":"https:\/\/mascotascolombia.org\/index.php\/wp-json\/wp\/v2\/users\/1"}],"replies":[{"embeddable":true,"href":"https:\/\/mascotascolombia.org\/index.php\/wp-json\/wp\/v2\/comments?post=3506"}],"version-history":[{"count":3,"href":"https:\/\/mascotascolombia.org\/index.php\/wp-json\/wp\/v2\/pages\/3506\/revisions"}],"predecessor-version":[{"id":6604,"href":"https:\/\/mascotascolombia.org\/index.php\/wp-json\/wp\/v2\/pages\/3506\/revisions\/6604"}],"wp:attachment":[{"href":"https:\/\/mascotascolombia.org\/index.php\/wp-json\/wp\/v2\/media?parent=3506"}],"curies":[{"name":"wp","href":"https:\/\/api.w.org\/{rel}","templated":true}]}}