{"id":936,"date":"2021-05-24T14:16:22","date_gmt":"2021-05-24T14:16:22","guid":{"rendered":"http:\/\/new.mascotascolombia.org\/?page_id=936"},"modified":"2023-08-11T00:49:10","modified_gmt":"2023-08-11T00:49:10","slug":"donaciones","status":"publish","type":"page","link":"https:\/\/mascotascolombia.org\/index.php\/donaciones\/","title":{"rendered":"Donaciones"},"content":{"rendered":"\t\t<div data-elementor-type=\"wp-page\" data-elementor-id=\"936\" class=\"elementor elementor-936\" data-elementor-post-type=\"page\">\n\t\t\t\t\t\t<section data-jltma-particle=\"{\n                                  &quot;particles&quot;: {\n                                    &quot;number&quot;: {\n                                      &quot;value&quot;: 80,\n                                      &quot;density&quot;: {\n                                        &quot;enable&quot;: true,\n                                        &quot;value_area&quot;: 800\n                                      }\n                                    },\n                                    &quot;color&quot;: {\n                                      &quot;value&quot;: &quot;#ffffff&quot;\n                                    },\n                                    &quot;shape&quot;: {\n                                      &quot;type&quot;: &quot;circle&quot;,\n                                      &quot;stroke&quot;: {\n                                        &quot;width&quot;: 0,\n                                        &quot;color&quot;: &quot;#000000&quot;\n                                      },\n                                      &quot;polygon&quot;: {\n                                        &quot;nb_sides&quot;: 5\n                                      },\n                                      &quot;image&quot;: {\n                                        &quot;src&quot;: &quot;img\/github.svg&quot;,\n                                        &quot;width&quot;: 100,\n                                        &quot;height&quot;: 100\n                                      }\n                                    },\n                                    &quot;opacity&quot;: {\n                                      &quot;value&quot;: 0.5,\n                                      &quot;random&quot;: false,\n                                      &quot;anim&quot;: {\n                                        &quot;enable&quot;: false,\n                                        &quot;speed&quot;: 1,\n                                        &quot;opacity_min&quot;: 0.1,\n                                        &quot;sync&quot;: false\n                                      }\n                                    },\n                                    &quot;size&quot;: {\n                                      &quot;value&quot;: 3,\n                                      &quot;random&quot;: true,\n                                      &quot;anim&quot;: {\n                                        &quot;enable&quot;: false,\n                                        &quot;speed&quot;: 40,\n                                        &quot;size_min&quot;: 0.1,\n                                        &quot;sync&quot;: false\n                                      }\n                                    },\n                                    &quot;line_linked&quot;: {\n                                      &quot;enable&quot;: true,\n                                      &quot;distance&quot;: 150,\n                                      &quot;color&quot;: &quot;#ffffff&quot;,\n                                      &quot;opacity&quot;: 0.4,\n                                      &quot;width&quot;: 1\n                                    },\n                                    &quot;move&quot;: {\n                                      &quot;enable&quot;: true,\n                                      &quot;speed&quot;: 6,\n                                      &quot;direction&quot;: &quot;none&quot;,\n                                      &quot;random&quot;: false,\n                                      &quot;straight&quot;: false,\n                                      &quot;out_mode&quot;: &quot;out&quot;,\n                                      &quot;bounce&quot;: false,\n                                      &quot;attract&quot;: {\n                                        &quot;enable&quot;: false,\n                                        &quot;rotateX&quot;: 600,\n                                        &quot;rotateY&quot;: 1200\n                                      }\n                                    }\n                                  },\n                                  &quot;interactivity&quot;: {\n                                    &quot;detect_on&quot;: &quot;canvas&quot;,\n                                    &quot;events&quot;: {\n                                      &quot;onhover&quot;: {\n                                        &quot;enable&quot;: true,\n                                        &quot;mode&quot;: &quot;repulse&quot;\n                                      },\n                                      &quot;onclick&quot;: {\n                                        &quot;enable&quot;: true,\n                                        &quot;mode&quot;: &quot;push&quot;\n                                      },\n                                      &quot;resize&quot;: true\n                                    },\n                                    &quot;modes&quot;: {\n                                      &quot;grab&quot;: {\n                                        &quot;distance&quot;: 400,\n                                        &quot;line_linked&quot;: {\n                                          &quot;opacity&quot;: 1\n                                        }\n                                      },\n                                      &quot;bubble&quot;: {\n                                        &quot;distance&quot;: 400,\n                                        &quot;size&quot;: 40,\n                                        &quot;duration&quot;: 2,\n                                        &quot;opacity&quot;: 8,\n                                        &quot;speed&quot;: 3\n                                      },\n                                      &quot;repulse&quot;: {\n                                        &quot;distance&quot;: 200,\n                                        &quot;duration&quot;: 0.4\n                                      },\n                                      &quot;push&quot;: {\n                                        &quot;particles_nb&quot;: 4\n                                      },\n                                      &quot;remove&quot;: {\n                                        &quot;particles_nb&quot;: 2\n                                      }\n                                    }\n                                  },\n                                  &quot;retina_detect&quot;: true\n                                }\" class=\"has_ma_el_bg_slider elementor-section elementor-top-section elementor-element elementor-element-5df25fe elementor-section-full_width elementor-section-stretched jltma-particle-yes elementor-section-height-default elementor-section-height-default jltma-glass-effect-no elementor-invisible\" data-particle_enable=\"false\" data-particle-mobile-disabled=\"false\" data-id=\"5df25fe\" data-element_type=\"section\" data-e-type=\"section\" data-settings=\"{&quot;stretch_section&quot;:&quot;section-stretched&quot;,&quot;background_background&quot;:&quot;classic&quot;,&quot;animation&quot;:&quot;bounceInDown&quot;,&quot;ma_el_particle_area_zindex&quot;:0}\">\n\t\t\t\t\t\t<div class=\"elementor-container elementor-column-gap-default\">\n\t\t\t\t\t<div class=\"has_ma_el_bg_slider elementor-column elementor-col-100 elementor-top-column elementor-element elementor-element-1e0a855 jltma-glass-effect-no\" data-id=\"1e0a855\" data-element_type=\"column\" data-e-type=\"column\">\n\t\t\t<div class=\"elementor-widget-wrap elementor-element-populated\">\n\t\t\t\t\t\t<div class=\"elementor-element elementor-element-f5afd1f jltma-glass-effect-no elementor-widget elementor-widget-spacer\" data-id=\"f5afd1f\" data-element_type=\"widget\" data-e-type=\"widget\" data-widget_type=\"spacer.default\">\n\t\t\t\t<div class=\"elementor-widget-container\">\n\t\t\t\t\t\t\t<div class=\"elementor-spacer\">\n\t\t\t<div class=\"elementor-spacer-inner\"><\/div>\n\t\t<\/div>\n\t\t\t\t\t\t<\/div>\n\t\t\t\t<\/div>\n\t\t\t\t\t<\/div>\n\t\t<\/div>\n\t\t\t\t\t<\/div>\n\t\t<\/section>\n\t\t      <style>\n        .elementor-element-5df25fe.jltma-particle-wrapper>canvas {\n          z-index: 0;\n          position: absolute;\n          top: 0;\n        }\n      <\/style>\n\t\t<section class=\"has_ma_el_bg_slider elementor-section elementor-top-section elementor-element elementor-element-10a3649d elementor-section-boxed elementor-section-height-default elementor-section-height-default jltma-glass-effect-no\" data-particle_enable=\"false\" data-particle-mobile-disabled=\"false\" data-id=\"10a3649d\" data-element_type=\"section\" data-e-type=\"section\" data-settings=\"{&quot;background_background&quot;:&quot;classic&quot;}\">\n\t\t\t\t\t\t\t<div class=\"elementor-background-overlay\"><\/div>\n\t\t\t\t\t\t\t<div class=\"elementor-container elementor-column-gap-default\">\n\t\t\t\t\t<div class=\"has_ma_el_bg_slider elementor-column elementor-col-100 elementor-top-column elementor-element elementor-element-9bd5bcd jltma-glass-effect-no\" data-id=\"9bd5bcd\" data-element_type=\"column\" data-e-type=\"column\">\n\t\t\t<div class=\"elementor-widget-wrap elementor-element-populated\">\n\t\t\t\t\t\t<div class=\"elementor-element elementor-element-138913da jltma-glass-effect-no elementor-invisible elementor-widget elementor-widget-heading\" data-id=\"138913da\" data-element_type=\"widget\" data-e-type=\"widget\" data-settings=\"{&quot;_animation&quot;:&quot;fadeIn&quot;,&quot;_animation_delay&quot;:100}\" data-widget_type=\"heading.default\">\n\t\t\t\t<div class=\"elementor-widget-container\">\n\t\t\t\t\t<h2 class=\"elementor-heading-title elementor-size-default\">Gracias a tu aporte seguiremos siendo muy felices<\/h2>\t\t\t\t<\/div>\n\t\t\t\t<\/div>\n\t\t\t\t<div class=\"elementor-element elementor-element-58e09793 jltma-glass-effect-no elementor-invisible elementor-widget elementor-widget-heading\" data-id=\"58e09793\" data-element_type=\"widget\" data-e-type=\"widget\" data-settings=\"{&quot;_animation&quot;:&quot;fadeIn&quot;,&quot;_animation_delay&quot;:200}\" data-widget_type=\"heading.default\">\n\t\t\t\t<div class=\"elementor-widget-container\">\n\t\t\t\t\t<h2 class=\"elementor-heading-title elementor-size-default\">Para realizar tu donaci\u00f3n haz click aqu\u00ed<\/h2>\t\t\t\t<\/div>\n\t\t\t\t<\/div>\n\t\t\t\t<div class=\"elementor-element elementor-element-2bdddc68 elementor-widget-divider--view-line jltma-glass-effect-no elementor-invisible elementor-widget elementor-widget-divider\" data-id=\"2bdddc68\" data-element_type=\"widget\" data-e-type=\"widget\" data-settings=\"{&quot;_animation&quot;:&quot;fadeIn&quot;,&quot;_animation_delay&quot;:300}\" data-widget_type=\"divider.default\">\n\t\t\t\t<div class=\"elementor-widget-container\">\n\t\t\t\t\t\t\t<div class=\"elementor-divider\">\n\t\t\t<span class=\"elementor-divider-separator\">\n\t\t\t\t\t\t<\/span>\n\t\t<\/div>\n\t\t\t\t\t\t<\/div>\n\t\t\t\t<\/div>\n\t\t\t\t<div class=\"elementor-element elementor-element-adf8f11 elementor-view-default jltma-glass-effect-no elementor-widget elementor-widget-icon\" data-id=\"adf8f11\" data-element_type=\"widget\" data-e-type=\"widget\" data-widget_type=\"icon.default\">\n\t\t\t\t<div class=\"elementor-widget-container\">\n\t\t\t\t\t\t\t<div class=\"elementor-icon-wrapper\">\n\t\t\t<div class=\"elementor-icon\">\n\t\t\t<i aria-hidden=\"true\" class=\"fas fa-hand-holding-heart\"><\/i>\t\t\t<\/div>\n\t\t<\/div>\n\t\t\t\t\t\t<\/div>\n\t\t\t\t<\/div>\n\t\t\t\t<section class=\"has_ma_el_bg_slider elementor-section elementor-inner-section elementor-element elementor-element-abf0ca7 elementor-section-boxed elementor-section-height-default elementor-section-height-default jltma-glass-effect-no elementor-invisible\" data-particle_enable=\"false\" data-particle-mobile-disabled=\"false\" data-id=\"abf0ca7\" data-element_type=\"section\" data-e-type=\"section\" data-settings=\"{&quot;animation&quot;:&quot;fadeIn&quot;,&quot;animation_delay&quot;:400}\">\n\t\t\t\t\t\t<div class=\"elementor-container elementor-column-gap-narrow\">\n\t\t\t\t\t<div class=\"has_ma_el_bg_slider elementor-column elementor-col-33 elementor-inner-column elementor-element elementor-element-24d68f63 jltma-glass-effect-no\" data-id=\"24d68f63\" data-element_type=\"column\" data-e-type=\"column\">\n\t\t\t<div class=\"elementor-widget-wrap elementor-element-populated\">\n\t\t\t\t\t\t<div class=\"elementor-element elementor-element-4c682ec jltma-glass-effect-no elementor-widget elementor-widget-image\" data-id=\"4c682ec\" data-element_type=\"widget\" data-e-type=\"widget\" data-widget_type=\"image.default\">\n\t\t\t\t<div class=\"elementor-widget-container\">\n\t\t\t\t\t\t\t\t\t\t\t\t\t\t\t\t<a href=\"https:\/\/checkout.wompi.co\/l\/VPOS_4snQ4x\">\n\t\t\t\t\t\t\t<img fetchpriority=\"high\" decoding=\"async\" width=\"556\" height=\"600\" src=\"https:\/\/mascotascolombia.org\/wp-content\/uploads\/2023\/08\/qwe-1.png\" class=\"attachment-large size-large wp-image-6495\" alt=\"\" srcset=\"https:\/\/mascotascolombia.org\/wp-content\/uploads\/2023\/08\/qwe-1.png 556w, https:\/\/mascotascolombia.org\/wp-content\/uploads\/2023\/08\/qwe-1-278x300.png 278w\" sizes=\"(max-width: 556px) 100vw, 556px\" \/>\t\t\t\t\t\t\t\t<\/a>\n\t\t\t\t\t\t\t\t\t\t\t\t\t\t\t<\/div>\n\t\t\t\t<\/div>\n\t\t\t\t\t<\/div>\n\t\t<\/div>\n\t\t\t\t<div class=\"has_ma_el_bg_slider elementor-column elementor-col-33 elementor-inner-column elementor-element elementor-element-2a20be92 jltma-glass-effect-no\" data-id=\"2a20be92\" data-element_type=\"column\" data-e-type=\"column\">\n\t\t\t<div class=\"elementor-widget-wrap elementor-element-populated\">\n\t\t\t\t\t\t<div class=\"elementor-element elementor-element-16a7a916 elementor-align-center elementor-mobile-align-justify jltma-glass-effect-no elementor-widget elementor-widget-button\" data-id=\"16a7a916\" data-element_type=\"widget\" data-e-type=\"widget\" data-widget_type=\"button.default\">\n\t\t\t\t<div class=\"elementor-widget-container\">\n\t\t\t\t\t\t\t\t\t<div class=\"elementor-button-wrapper\">\n\t\t\t\t\t<a class=\"elementor-button elementor-button-link elementor-size-md\" href=\"https:\/\/checkout.wompi.co\/l\/VPOS_4snQ4x\">\n\t\t\t\t\t\t<span class=\"elementor-button-content-wrapper\">\n\t\t\t\t\t\t\t\t\t<span class=\"elementor-button-text\">Click aqu\u00ed<\/span>\n\t\t\t\t\t<\/span>\n\t\t\t\t\t<\/a>\n\t\t\t\t<\/div>\n\t\t\t\t\t\t\t\t<\/div>\n\t\t\t\t<\/div>\n\t\t\t\t\t<\/div>\n\t\t<\/div>\n\t\t\t\t<div class=\"has_ma_el_bg_slider elementor-column elementor-col-33 elementor-inner-column elementor-element elementor-element-2bb29fb jltma-glass-effect-no\" data-id=\"2bb29fb\" data-element_type=\"column\" data-e-type=\"column\">\n\t\t\t<div class=\"elementor-widget-wrap elementor-element-populated\">\n\t\t\t\t\t\t<div class=\"elementor-element elementor-element-34518d7 elementor-hidden-desktop jltma-glass-effect-no elementor-widget elementor-widget-spacer\" data-id=\"34518d7\" data-element_type=\"widget\" data-e-type=\"widget\" data-widget_type=\"spacer.default\">\n\t\t\t\t<div class=\"elementor-widget-container\">\n\t\t\t\t\t\t\t<div class=\"elementor-spacer\">\n\t\t\t<div class=\"elementor-spacer-inner\"><\/div>\n\t\t<\/div>\n\t\t\t\t\t\t<\/div>\n\t\t\t\t<\/div>\n\t\t\t\t<div class=\"elementor-element elementor-element-fd765da elementor-widget__width-initial jltma-glass-effect-no elementor-widget elementor-widget-image\" data-id=\"fd765da\" data-element_type=\"widget\" data-e-type=\"widget\" data-widget_type=\"image.default\">\n\t\t\t\t<div class=\"elementor-widget-container\">\n\t\t\t\t\t\t\t\t\t\t\t\t\t\t\t\t<a href=\"https:\/\/checkout.wompi.co\/l\/VPOS_4snQ4x\">\n\t\t\t\t\t\t\t<img decoding=\"async\" width=\"150\" height=\"150\" src=\"https:\/\/mascotascolombia.org\/wp-content\/uploads\/2022\/04\/qrdatafono-150x150.png\" class=\"attachment-thumbnail size-thumbnail wp-image-5563\" alt=\"\" srcset=\"https:\/\/mascotascolombia.org\/wp-content\/uploads\/2022\/04\/qrdatafono-150x150.png 150w, https:\/\/mascotascolombia.org\/wp-content\/uploads\/2022\/04\/qrdatafono-300x300.png 300w, https:\/\/mascotascolombia.org\/wp-content\/uploads\/2022\/04\/qrdatafono-100x100.png 100w, https:\/\/mascotascolombia.org\/wp-content\/uploads\/2022\/04\/qrdatafono.png 413w\" sizes=\"(max-width: 150px) 100vw, 150px\" \/>\t\t\t\t\t\t\t\t<\/a>\n\t\t\t\t\t\t\t\t\t\t\t\t\t\t\t<\/div>\n\t\t\t\t<\/div>\n\t\t\t\t\t<\/div>\n\t\t<\/div>\n\t\t\t\t\t<\/div>\n\t\t<\/section>\n\t\t\t\t\t<\/div>\n\t\t<\/div>\n\t\t\t\t\t<\/div>\n\t\t<\/section>\n\t\t\t\t<\/div>\n\t\t","protected":false},"excerpt":{"rendered":"<p>Gracias a tu aporte seguiremos siendo muy felices Para realizar tu donaci\u00f3n haz click aqu\u00ed Click aqu\u00ed<\/p>\n","protected":false},"author":1,"featured_media":0,"parent":0,"menu_order":0,"comment_status":"closed","ping_status":"closed","template":"","meta":{"ocean_post_layout":"full-screen","ocean_both_sidebars_style":"","ocean_both_sidebars_content_width":0,"ocean_both_sidebars_sidebars_width":0,"ocean_sidebar":"0","ocean_second_sidebar":"0","ocean_disable_margins":"on","ocean_add_body_class":"","ocean_shortcode_before_top_bar":"","ocean_shortcode_after_top_bar":"","ocean_shortcode_before_header":"","ocean_shortcode_after_header":"","ocean_has_shortcode":"","ocean_shortcode_after_title":"","ocean_shortcode_before_footer_widgets":"","ocean_shortcode_after_footer_widgets":"","ocean_shortcode_before_footer_bottom":"","ocean_shortcode_after_footer_bottom":"","ocean_display_top_bar":"off","ocean_display_header":"on","ocean_header_style":"custom","ocean_center_header_left_menu":"0","ocean_custom_header_template":"172","ocean_custom_logo":0,"ocean_custom_retina_logo":0,"ocean_custom_logo_max_width":0,"ocean_custom_logo_tablet_max_width":0,"ocean_custom_logo_mobile_max_width":0,"ocean_custom_logo_max_height":0,"ocean_custom_logo_tablet_max_height":0,"ocean_custom_logo_mobile_max_height":0,"ocean_header_custom_menu":"2","ocean_menu_typo_font_family":"0","ocean_menu_typo_font_subset":"","ocean_menu_typo_font_size":0,"ocean_menu_typo_font_size_tablet":0,"ocean_menu_typo_font_size_mobile":0,"ocean_menu_typo_font_size_unit":"px","ocean_menu_typo_font_weight":"","ocean_menu_typo_font_weight_tablet":"","ocean_menu_typo_font_weight_mobile":"","ocean_menu_typo_transform":"","ocean_menu_typo_transform_tablet":"","ocean_menu_typo_transform_mobile":"","ocean_menu_typo_line_height":0,"ocean_menu_typo_line_height_tablet":0,"ocean_menu_typo_line_height_mobile":0,"ocean_menu_typo_line_height_unit":"","ocean_menu_typo_spacing":0,"ocean_menu_typo_spacing_tablet":0,"ocean_menu_typo_spacing_mobile":0,"ocean_menu_typo_spacing_unit":"","ocean_menu_link_color":"","ocean_menu_link_color_hover":"","ocean_menu_link_color_active":"","ocean_menu_link_background":"","ocean_menu_link_hover_background":"","ocean_menu_link_active_background":"","ocean_menu_social_links_bg":"","ocean_menu_social_hover_links_bg":"","ocean_menu_social_links_color":"","ocean_menu_social_hover_links_color":"","ocean_disable_title":"on","ocean_disable_heading":"on","ocean_post_title":"","ocean_post_subheading":"","ocean_post_title_style":"","ocean_post_title_background_color":"","ocean_post_title_background":0,"ocean_post_title_bg_image_position":"","ocean_post_title_bg_image_attachment":"","ocean_post_title_bg_image_repeat":"","ocean_post_title_bg_image_size":"","ocean_post_title_height":0,"ocean_post_title_bg_overlay":0.5,"ocean_post_title_bg_overlay_color":"","ocean_disable_breadcrumbs":"off","ocean_breadcrumbs_color":"","ocean_breadcrumbs_separator_color":"","ocean_breadcrumbs_links_color":"","ocean_breadcrumbs_links_hover_color":"","ocean_display_footer_widgets":"on","ocean_display_footer_bottom":"off","ocean_custom_footer_template":"351","footnotes":""},"class_list":["post-936","page","type-page","status-publish","hentry","entry","owp-thumbs-layout-horizontal","owp-btn-normal","owp-tabs-layout-horizontal","has-no-thumbnails","has-product-nav"],"_links":{"self":[{"href":"https:\/\/mascotascolombia.org\/index.php\/wp-json\/wp\/v2\/pages\/936","targetHints":{"allow":["GET"]}}],"collection":[{"href":"https:\/\/mascotascolombia.org\/index.php\/wp-json\/wp\/v2\/pages"}],"about":[{"href":"https:\/\/mascotascolombia.org\/index.php\/wp-json\/wp\/v2\/types\/page"}],"author":[{"embeddable":true,"href":"https:\/\/mascotascolombia.org\/index.php\/wp-json\/wp\/v2\/users\/1"}],"replies":[{"embeddable":true,"href":"https:\/\/mascotascolombia.org\/index.php\/wp-json\/wp\/v2\/comments?post=936"}],"version-history":[{"count":21,"href":"https:\/\/mascotascolombia.org\/index.php\/wp-json\/wp\/v2\/pages\/936\/revisions"}],"predecessor-version":[{"id":6524,"href":"https:\/\/mascotascolombia.org\/index.php\/wp-json\/wp\/v2\/pages\/936\/revisions\/6524"}],"wp:attachment":[{"href":"https:\/\/mascotascolombia.org\/index.php\/wp-json\/wp\/v2\/media?parent=936"}],"curies":[{"name":"wp","href":"https:\/\/api.w.org\/{rel}","templated":true}]}}