{"id":985,"date":"2021-05-24T15:07:58","date_gmt":"2021-05-24T15:07:58","guid":{"rendered":"http:\/\/new.mascotascolombia.org\/?page_id=985"},"modified":"2023-08-11T00:50:44","modified_gmt":"2023-08-11T00:50:44","slug":"contactanos","status":"publish","type":"page","link":"https:\/\/mascotascolombia.org\/index.php\/contactanos\/","title":{"rendered":"Cont\u00e1ctanos"},"content":{"rendered":"\t\t<div data-elementor-type=\"wp-page\" data-elementor-id=\"985\" class=\"elementor elementor-985\" data-elementor-post-type=\"page\">\n\t\t\t\t\t\t<section data-jltma-particle=\"{\n                                  &quot;particles&quot;: {\n                                    &quot;number&quot;: {\n                                      &quot;value&quot;: 80,\n                                      &quot;density&quot;: {\n                                        &quot;enable&quot;: true,\n                                        &quot;value_area&quot;: 800\n                                      }\n                                    },\n                                    &quot;color&quot;: {\n                                      &quot;value&quot;: &quot;#ffffff&quot;\n                                    },\n                                    &quot;shape&quot;: {\n                                      &quot;type&quot;: &quot;circle&quot;,\n                                      &quot;stroke&quot;: {\n                                        &quot;width&quot;: 0,\n                                        &quot;color&quot;: &quot;#000000&quot;\n                                      },\n                                      &quot;polygon&quot;: {\n                                        &quot;nb_sides&quot;: 5\n                                      },\n                                      &quot;image&quot;: {\n                                        &quot;src&quot;: &quot;img\/github.svg&quot;,\n                                        &quot;width&quot;: 100,\n                                        &quot;height&quot;: 100\n                                      }\n                                    },\n                                    &quot;opacity&quot;: {\n                                      &quot;value&quot;: 0.5,\n                                      &quot;random&quot;: false,\n                                      &quot;anim&quot;: {\n                                        &quot;enable&quot;: false,\n                                        &quot;speed&quot;: 1,\n                                        &quot;opacity_min&quot;: 0.1,\n                                        &quot;sync&quot;: false\n                                      }\n                                    },\n                                    &quot;size&quot;: {\n                                      &quot;value&quot;: 3,\n                                      &quot;random&quot;: true,\n                                      &quot;anim&quot;: {\n                                        &quot;enable&quot;: false,\n                                        &quot;speed&quot;: 40,\n                                        &quot;size_min&quot;: 0.1,\n                                        &quot;sync&quot;: false\n                                      }\n                                    },\n                                    &quot;line_linked&quot;: {\n                                      &quot;enable&quot;: true,\n                                      &quot;distance&quot;: 150,\n                                      &quot;color&quot;: &quot;#ffffff&quot;,\n                                      &quot;opacity&quot;: 0.4,\n                                      &quot;width&quot;: 1\n                                    },\n                                    &quot;move&quot;: {\n                                      &quot;enable&quot;: true,\n                                      &quot;speed&quot;: 6,\n                                      &quot;direction&quot;: &quot;none&quot;,\n                                      &quot;random&quot;: false,\n                                      &quot;straight&quot;: false,\n                                      &quot;out_mode&quot;: &quot;out&quot;,\n                                      &quot;bounce&quot;: false,\n                                      &quot;attract&quot;: {\n                                        &quot;enable&quot;: false,\n                                        &quot;rotateX&quot;: 600,\n                                        &quot;rotateY&quot;: 1200\n                                      }\n                                    }\n                                  },\n                                  &quot;interactivity&quot;: {\n                                    &quot;detect_on&quot;: &quot;canvas&quot;,\n                                    &quot;events&quot;: {\n                                      &quot;onhover&quot;: {\n                                        &quot;enable&quot;: true,\n                                        &quot;mode&quot;: &quot;repulse&quot;\n                                      },\n                                      &quot;onclick&quot;: {\n                                        &quot;enable&quot;: true,\n                                        &quot;mode&quot;: &quot;push&quot;\n                                      },\n                                      &quot;resize&quot;: true\n                                    },\n                                    &quot;modes&quot;: {\n                                      &quot;grab&quot;: {\n                                        &quot;distance&quot;: 400,\n                                        &quot;line_linked&quot;: {\n                                          &quot;opacity&quot;: 1\n                                        }\n                                      },\n                                      &quot;bubble&quot;: {\n                                        &quot;distance&quot;: 400,\n                                        &quot;size&quot;: 40,\n                                        &quot;duration&quot;: 2,\n                                        &quot;opacity&quot;: 8,\n                                        &quot;speed&quot;: 3\n                                      },\n                                      &quot;repulse&quot;: {\n                                        &quot;distance&quot;: 200,\n                                        &quot;duration&quot;: 0.4\n                                      },\n                                      &quot;push&quot;: {\n                                        &quot;particles_nb&quot;: 4\n                                      },\n                                      &quot;remove&quot;: {\n                                        &quot;particles_nb&quot;: 2\n                                      }\n                                    }\n                                  },\n                                  &quot;retina_detect&quot;: true\n                                }\" class=\"has_ma_el_bg_slider elementor-section elementor-top-section elementor-element elementor-element-5c46b9e elementor-section-full_width elementor-section-stretched jltma-particle-yes elementor-section-height-default elementor-section-height-default jltma-glass-effect-no elementor-invisible\" data-particle_enable=\"false\" data-particle-mobile-disabled=\"false\" data-id=\"5c46b9e\" data-element_type=\"section\" data-e-type=\"section\" data-settings=\"{&quot;stretch_section&quot;:&quot;section-stretched&quot;,&quot;background_background&quot;:&quot;classic&quot;,&quot;animation&quot;:&quot;bounceInDown&quot;,&quot;ma_el_particle_area_zindex&quot;:0}\">\n\t\t\t\t\t\t<div class=\"elementor-container elementor-column-gap-default\">\n\t\t\t\t\t<div class=\"has_ma_el_bg_slider elementor-column elementor-col-100 elementor-top-column elementor-element elementor-element-80f5404 jltma-glass-effect-no\" data-id=\"80f5404\" data-element_type=\"column\" data-e-type=\"column\">\n\t\t\t<div class=\"elementor-widget-wrap elementor-element-populated\">\n\t\t\t\t\t\t<div class=\"elementor-element elementor-element-acbd22e jltma-glass-effect-no elementor-widget elementor-widget-spacer\" data-id=\"acbd22e\" data-element_type=\"widget\" data-e-type=\"widget\" data-widget_type=\"spacer.default\">\n\t\t\t\t<div class=\"elementor-widget-container\">\n\t\t\t\t\t\t\t<div class=\"elementor-spacer\">\n\t\t\t<div class=\"elementor-spacer-inner\"><\/div>\n\t\t<\/div>\n\t\t\t\t\t\t<\/div>\n\t\t\t\t<\/div>\n\t\t\t\t\t<\/div>\n\t\t<\/div>\n\t\t\t\t\t<\/div>\n\t\t<\/section>\n\t\t      <style>\n        .elementor-element-5c46b9e.jltma-particle-wrapper>canvas {\n          z-index: 0;\n          position: absolute;\n          top: 0;\n        }\n      <\/style>\n\t\t<section class=\"has_ma_el_bg_slider elementor-section elementor-top-section elementor-element elementor-element-4dc84969 envato-kit-141-top-0 elementor-section-boxed elementor-section-height-default elementor-section-height-default jltma-glass-effect-no\" data-particle_enable=\"false\" data-particle-mobile-disabled=\"false\" data-id=\"4dc84969\" data-element_type=\"section\" data-e-type=\"section\" data-settings=\"{&quot;background_background&quot;:&quot;classic&quot;}\">\n\t\t\t\t\t\t\t<div class=\"elementor-background-overlay\"><\/div>\n\t\t\t\t\t\t\t<div class=\"elementor-container elementor-column-gap-wider\">\n\t\t\t\t\t<div class=\"has_ma_el_bg_slider elementor-column elementor-col-50 elementor-top-column elementor-element elementor-element-28bf7036 jltma-glass-effect-no\" data-id=\"28bf7036\" data-element_type=\"column\" data-e-type=\"column\">\n\t\t\t<div class=\"elementor-widget-wrap elementor-element-populated\">\n\t\t\t\t\t\t<div class=\"elementor-element elementor-element-7b7537fa jltma-glass-effect-no elementor-invisible elementor-widget elementor-widget-heading\" data-id=\"7b7537fa\" data-element_type=\"widget\" data-e-type=\"widget\" data-settings=\"{&quot;_animation&quot;:&quot;fadeIn&quot;,&quot;_animation_delay&quot;:150}\" data-widget_type=\"heading.default\">\n\t\t\t\t<div class=\"elementor-widget-container\">\n\t\t\t\t\t<h2 class=\"elementor-heading-title elementor-size-default\">Dialoguemos un poco <\/h2>\t\t\t\t<\/div>\n\t\t\t\t<\/div>\n\t\t\t\t<div class=\"elementor-element elementor-element-3ff5cb35 jltma-glass-effect-no elementor-invisible elementor-widget elementor-widget-heading\" data-id=\"3ff5cb35\" data-element_type=\"widget\" data-e-type=\"widget\" data-settings=\"{&quot;_animation&quot;:&quot;fadeIn&quot;,&quot;_animation_delay&quot;:100}\" data-widget_type=\"heading.default\">\n\t\t\t\t<div class=\"elementor-widget-container\">\n\t\t\t\t\t<h2 class=\"elementor-heading-title elementor-size-default\">CONT\u00c1CTANOS<\/h2>\t\t\t\t<\/div>\n\t\t\t\t<\/div>\n\t\t\t\t<div class=\"elementor-element elementor-element-54e83264 elementor-widget-divider--view-line jltma-glass-effect-no elementor-invisible elementor-widget elementor-widget-divider\" data-id=\"54e83264\" data-element_type=\"widget\" data-e-type=\"widget\" data-settings=\"{&quot;_animation&quot;:&quot;fadeIn&quot;,&quot;_animation_delay&quot;:200}\" data-widget_type=\"divider.default\">\n\t\t\t\t<div class=\"elementor-widget-container\">\n\t\t\t\t\t\t\t<div class=\"elementor-divider\">\n\t\t\t<span class=\"elementor-divider-separator\">\n\t\t\t\t\t\t<\/span>\n\t\t<\/div>\n\t\t\t\t\t\t<\/div>\n\t\t\t\t<\/div>\n\t\t\t\t<div class=\"elementor-element elementor-element-10a7dbd8 jltma-glass-effect-no elementor-invisible elementor-widget elementor-widget-text-editor\" data-id=\"10a7dbd8\" data-element_type=\"widget\" data-e-type=\"widget\" data-settings=\"{&quot;_animation&quot;:&quot;fadeIn&quot;,&quot;_animation_delay&quot;:250}\" data-widget_type=\"text-editor.default\">\n\t\t\t\t<div class=\"elementor-widget-container\">\n\t\t\t\t\t\t\t\t\t<p>Nos gustar\u00eda saber qu\u00e9 inquietudes tienes o que deseas aportar para el crecimiento de nuestra fundaci\u00f3n<\/p>\t\t\t\t\t\t\t\t<\/div>\n\t\t\t\t<\/div>\n\t\t\t\t\t<\/div>\n\t\t<\/div>\n\t\t\t\t<div class=\"has_ma_el_bg_slider elementor-column elementor-col-50 elementor-top-column elementor-element elementor-element-5dde0b18 envato-kit-141-newsletter-inline jltma-glass-effect-no elementor-invisible\" data-id=\"5dde0b18\" data-element_type=\"column\" data-e-type=\"column\" data-settings=\"{&quot;background_background&quot;:&quot;classic&quot;,&quot;animation&quot;:&quot;pulse&quot;,&quot;animation_delay&quot;:200}\">\n\t\t\t<div class=\"elementor-widget-wrap elementor-element-populated\">\n\t\t\t\t\t\t<div class=\"elementor-element elementor-element-63111dd9 jltma-glass-effect-no elementor-widget elementor-widget-heading\" data-id=\"63111dd9\" data-element_type=\"widget\" data-e-type=\"widget\" data-widget_type=\"heading.default\">\n\t\t\t\t<div class=\"elementor-widget-container\">\n\t\t\t\t\t<h2 class=\"elementor-heading-title elementor-size-default\">Dejanos un mensaje<\/h2>\t\t\t\t<\/div>\n\t\t\t\t<\/div>\n\t\t\t\t<div class=\"elementor-element elementor-element-26070a01 elementor-widget-divider--view-line jltma-glass-effect-no elementor-widget elementor-widget-divider\" data-id=\"26070a01\" data-element_type=\"widget\" data-e-type=\"widget\" data-widget_type=\"divider.default\">\n\t\t\t\t<div class=\"elementor-widget-container\">\n\t\t\t\t\t\t\t<div class=\"elementor-divider\">\n\t\t\t<span class=\"elementor-divider-separator\">\n\t\t\t\t\t\t<\/span>\n\t\t<\/div>\n\t\t\t\t\t\t<\/div>\n\t\t\t\t<\/div>\n\t\t\t\t<div class=\"elementor-element elementor-element-2681c79e elementor-button-align-stretch jltma-glass-effect-no elementor-widget elementor-widget-form\" data-id=\"2681c79e\" data-element_type=\"widget\" data-e-type=\"widget\" data-settings=\"{&quot;step_next_label&quot;:&quot;Siguiente&quot;,&quot;step_previous_label&quot;:&quot;Anterior&quot;,&quot;step_type&quot;:&quot;number_text&quot;,&quot;step_icon_shape&quot;:&quot;circle&quot;}\" data-widget_type=\"form.default\">\n\t\t\t\t<div class=\"elementor-widget-container\">\n\t\t\t\t\t\t\t<form class=\"elementor-form\" method=\"post\" name=\"contactanos\" aria-label=\"contactanos\">\n\t\t\t<input type=\"hidden\" name=\"post_id\" value=\"985\"\/>\n\t\t\t<input type=\"hidden\" name=\"form_id\" value=\"2681c79e\"\/>\n\t\t\t<input type=\"hidden\" name=\"referer_title\" value=\"\" \/>\n\n\t\t\t\n\t\t\t<div class=\"elementor-form-fields-wrapper elementor-labels-above\">\n\t\t\t\t\t\t\t\t<div class=\"elementor-field-type-text elementor-field-group elementor-column elementor-field-group-email elementor-col-100 elementor-field-required\">\n\t\t\t\t\t\t\t\t\t\t\t\t\t<input size=\"1\" type=\"text\" name=\"form_fields[email]\" id=\"form-field-email\" class=\"elementor-field elementor-size-md  elementor-field-textual\" placeholder=\"\u00bfC\u00f3mo te llamas?\" required=\"required\">\n\t\t\t\t\t\t\t\t\t\t\t<\/div>\n\t\t\t\t\t\t\t\t<div class=\"elementor-field-type-email elementor-field-group elementor-column elementor-field-group-6850d19 elementor-col-100 elementor-field-required\">\n\t\t\t\t\t\t\t\t\t\t\t\t\t<input size=\"1\" type=\"email\" name=\"form_fields[6850d19]\" id=\"form-field-6850d19\" class=\"elementor-field elementor-size-md  elementor-field-textual\" placeholder=\"Correo electronico\" required=\"required\">\n\t\t\t\t\t\t\t\t\t\t\t<\/div>\n\t\t\t\t\t\t\t\t<div class=\"elementor-field-type-tel elementor-field-group elementor-column elementor-field-group-f9f57ad elementor-col-100\">\n\t\t\t\t\t\t\t<input size=\"1\" type=\"tel\" name=\"form_fields[f9f57ad]\" id=\"form-field-f9f57ad\" class=\"elementor-field elementor-size-md  elementor-field-textual\" placeholder=\"Tel\u00e9fono\" pattern=\"[0-9()#&amp;+*-=.]+\" title=\"Only numbers and phone characters (#, -, *, etc) are accepted.\">\n\n\t\t\t\t\t\t<\/div>\n\t\t\t\t\t\t\t\t<div class=\"elementor-field-type-text elementor-field-group elementor-column elementor-field-group-field_0c0d196 elementor-col-100\">\n\t\t\t\t\t\t\t\t\t\t\t\t\t<input size=\"1\" type=\"text\" name=\"form_fields[field_0c0d196]\" id=\"form-field-field_0c0d196\" class=\"elementor-field elementor-size-md  elementor-field-textual\" placeholder=\"\u00bfEn que ciudad te encuentras?\">\n\t\t\t\t\t\t\t\t\t\t\t<\/div>\n\t\t\t\t\t\t\t\t<div class=\"elementor-field-type-textarea elementor-field-group elementor-column elementor-field-group-da6d553 elementor-col-100\">\n\t\t\t\t\t<textarea class=\"elementor-field-textual elementor-field  elementor-size-md\" name=\"form_fields[da6d553]\" id=\"form-field-da6d553\" rows=\"4\" placeholder=\"Message\"><\/textarea>\t\t\t\t<\/div>\n\t\t\t\t\t\t\t\t<div class=\"elementor-field-group elementor-column elementor-field-type-submit elementor-col-100 e-form__buttons\">\n\t\t\t\t\t<button class=\"elementor-button elementor-size-md\" type=\"submit\">\n\t\t\t\t\t\t<span class=\"elementor-button-content-wrapper\">\n\t\t\t\t\t\t\t\t\t\t\t\t\t\t\t\t\t\t\t\t\t\t<span class=\"elementor-button-text\">ENVIAR <\/span>\n\t\t\t\t\t\t\t\t\t\t\t\t\t<\/span>\n\t\t\t\t\t<\/button>\n\t\t\t\t<\/div>\n\t\t\t<\/div>\n\t\t<\/form>\n\t\t\t\t\t\t<\/div>\n\t\t\t\t<\/div>\n\t\t\t\t\t<\/div>\n\t\t<\/div>\n\t\t\t\t\t<\/div>\n\t\t<\/section>\n\t\t\t\t<\/div>\n\t\t","protected":false},"excerpt":{"rendered":"<p>Dialoguemos un poco CONT\u00c1CTANOS Nos gustar\u00eda saber qu\u00e9 inquietudes tienes o que deseas aportar para el crecimiento de nuestra fundaci\u00f3n Dejanos un mensaje<\/p>\n","protected":false},"author":1,"featured_media":0,"parent":0,"menu_order":0,"comment_status":"closed","ping_status":"closed","template":"","meta":{"ocean_post_layout":"full-screen","ocean_both_sidebars_style":"","ocean_both_sidebars_content_width":0,"ocean_both_sidebars_sidebars_width":0,"ocean_sidebar":"0","ocean_second_sidebar":"0","ocean_disable_margins":"on","ocean_add_body_class":"","ocean_shortcode_before_top_bar":"","ocean_shortcode_after_top_bar":"","ocean_shortcode_before_header":"","ocean_shortcode_after_header":"","ocean_has_shortcode":"","ocean_shortcode_after_title":"","ocean_shortcode_before_footer_widgets":"","ocean_shortcode_after_footer_widgets":"","ocean_shortcode_before_footer_bottom":"","ocean_shortcode_after_footer_bottom":"","ocean_display_top_bar":"off","ocean_display_header":"on","ocean_header_style":"custom","ocean_center_header_left_menu":"0","ocean_custom_header_template":"172","ocean_custom_logo":0,"ocean_custom_retina_logo":0,"ocean_custom_logo_max_width":0,"ocean_custom_logo_tablet_max_width":0,"ocean_custom_logo_mobile_max_width":0,"ocean_custom_logo_max_height":0,"ocean_custom_logo_tablet_max_height":0,"ocean_custom_logo_mobile_max_height":0,"ocean_header_custom_menu":"2","ocean_menu_typo_font_family":"0","ocean_menu_typo_font_subset":"","ocean_menu_typo_font_size":0,"ocean_menu_typo_font_size_tablet":0,"ocean_menu_typo_font_size_mobile":0,"ocean_menu_typo_font_size_unit":"px","ocean_menu_typo_font_weight":"","ocean_menu_typo_font_weight_tablet":"","ocean_menu_typo_font_weight_mobile":"","ocean_menu_typo_transform":"","ocean_menu_typo_transform_tablet":"","ocean_menu_typo_transform_mobile":"","ocean_menu_typo_line_height":0,"ocean_menu_typo_line_height_tablet":0,"ocean_menu_typo_line_height_mobile":0,"ocean_menu_typo_line_height_unit":"","ocean_menu_typo_spacing":0,"ocean_menu_typo_spacing_tablet":0,"ocean_menu_typo_spacing_mobile":0,"ocean_menu_typo_spacing_unit":"","ocean_menu_link_color":"","ocean_menu_link_color_hover":"","ocean_menu_link_color_active":"","ocean_menu_link_background":"","ocean_menu_link_hover_background":"","ocean_menu_link_active_background":"","ocean_menu_social_links_bg":"","ocean_menu_social_hover_links_bg":"","ocean_menu_social_links_color":"","ocean_menu_social_hover_links_color":"","ocean_disable_title":"on","ocean_disable_heading":"on","ocean_post_title":"","ocean_post_subheading":"","ocean_post_title_style":"","ocean_post_title_background_color":"","ocean_post_title_background":0,"ocean_post_title_bg_image_position":"","ocean_post_title_bg_image_attachment":"","ocean_post_title_bg_image_repeat":"","ocean_post_title_bg_image_size":"","ocean_post_title_height":0,"ocean_post_title_bg_overlay":0.5,"ocean_post_title_bg_overlay_color":"","ocean_disable_breadcrumbs":"off","ocean_breadcrumbs_color":"","ocean_breadcrumbs_separator_color":"","ocean_breadcrumbs_links_color":"","ocean_breadcrumbs_links_hover_color":"","ocean_display_footer_widgets":"on","ocean_display_footer_bottom":"off","ocean_custom_footer_template":"351","footnotes":""},"class_list":["post-985","page","type-page","status-publish","hentry","entry","owp-thumbs-layout-horizontal","owp-btn-normal","owp-tabs-layout-horizontal","has-no-thumbnails","has-product-nav"],"_links":{"self":[{"href":"https:\/\/mascotascolombia.org\/index.php\/wp-json\/wp\/v2\/pages\/985","targetHints":{"allow":["GET"]}}],"collection":[{"href":"https:\/\/mascotascolombia.org\/index.php\/wp-json\/wp\/v2\/pages"}],"about":[{"href":"https:\/\/mascotascolombia.org\/index.php\/wp-json\/wp\/v2\/types\/page"}],"author":[{"embeddable":true,"href":"https:\/\/mascotascolombia.org\/index.php\/wp-json\/wp\/v2\/users\/1"}],"replies":[{"embeddable":true,"href":"https:\/\/mascotascolombia.org\/index.php\/wp-json\/wp\/v2\/comments?post=985"}],"version-history":[{"count":6,"href":"https:\/\/mascotascolombia.org\/index.php\/wp-json\/wp\/v2\/pages\/985\/revisions"}],"predecessor-version":[{"id":6527,"href":"https:\/\/mascotascolombia.org\/index.php\/wp-json\/wp\/v2\/pages\/985\/revisions\/6527"}],"wp:attachment":[{"href":"https:\/\/mascotascolombia.org\/index.php\/wp-json\/wp\/v2\/media?parent=985"}],"curies":[{"name":"wp","href":"https:\/\/api.w.org\/{rel}","templated":true}]}}