{"id":3534,"date":"2021-05-31T00:31:57","date_gmt":"2021-05-31T00:31:57","guid":{"rendered":"https:\/\/new.mascotascolombia.org\/?post_type=product&#038;p=3534"},"modified":"2023-08-16T04:30:12","modified_gmt":"2023-08-16T04:30:12","slug":"lector-de-microchip-petscanner","status":"publish","type":"product","link":"https:\/\/mascotascolombia.org\/index.php\/producto\/lector-de-microchip-petscanner\/","title":{"rendered":"Lector de Microchip Hand Reader"},"content":{"rendered":"<p><strong>Amig@ veterinari@ rescatistas y albergues, esta es la herramienta indispensable para ayudar a los peluditos perdidos.<\/strong><br \/>\n<strong>Lector de microchip con cable Micro USB para recargar la\u00a0bater\u00eda.<\/strong><\/p>\n<p><strong>Compatible con todas las etiquetas FDX-B est\u00e1ndar ISO. (Clientes de EE. UU .: tenga en cuenta que esto no leer\u00e1 los microchips de 10 d\u00edgitos muy antiguos y obsoletos). Incluye env\u00edo nacional.<\/strong><\/p>\n<h5><\/h5>\n<p>&nbsp;<\/p>\n<h3 style=\"text-align: center;\">Ficha t\u00e9cnica<\/h3>\n<p><img fetchpriority=\"high\" decoding=\"async\" class=\"wp-image-5470 aligncenter\" src=\"https:\/\/mascotascolombia.org\/wp-content\/uploads\/2021\/05\/4-4-300x300.jpg\" alt=\"\" width=\"342\" height=\"342\" srcset=\"https:\/\/mascotascolombia.org\/wp-content\/uploads\/2021\/05\/4-4-300x300.jpg 300w, https:\/\/mascotascolombia.org\/wp-content\/uploads\/2021\/05\/4-4-100x100.jpg 100w, https:\/\/mascotascolombia.org\/wp-content\/uploads\/2021\/05\/4-4-600x600.jpg 600w, https:\/\/mascotascolombia.org\/wp-content\/uploads\/2021\/05\/4-4-1024x1024.jpg 1024w, https:\/\/mascotascolombia.org\/wp-content\/uploads\/2021\/05\/4-4-150x150.jpg 150w, https:\/\/mascotascolombia.org\/wp-content\/uploads\/2021\/05\/4-4-768x768.jpg 768w, https:\/\/mascotascolombia.org\/wp-content\/uploads\/2021\/05\/4-4.jpg 1080w\" sizes=\"(max-width: 342px) 100vw, 342px\" \/><\/p>\n","protected":false},"excerpt":{"rendered":"<p>Amig@ veterinari@ rescatistas y albergues, esta es la herramienta indispensable para ayudar a los peluditos perdidos. Lector de microchip con cable Micro USB para recargar la\u00a0bater\u00eda. Compatible con todas las etiquetas FDX-B est\u00e1ndar ISO. (Clientes de EE. UU .: tenga en cuenta que esto no leer\u00e1 los microchips de 10 d\u00edgitos muy antiguos y obsoletos). [&hellip;]<\/p>\n","protected":false},"featured_media":6044,"template":"","meta":{"ocean_post_layout":"","ocean_both_sidebars_style":"","ocean_both_sidebars_content_width":0,"ocean_both_sidebars_sidebars_width":0,"ocean_sidebar":"0","ocean_second_sidebar":"0","ocean_disable_margins":"on","ocean_add_body_class":"","ocean_shortcode_before_top_bar":"","ocean_shortcode_after_top_bar":"","ocean_shortcode_before_header":"","ocean_shortcode_after_header":"","ocean_has_shortcode":"","ocean_shortcode_after_title":"","ocean_shortcode_before_footer_widgets":"","ocean_shortcode_after_footer_widgets":"","ocean_shortcode_before_footer_bottom":"","ocean_shortcode_after_footer_bottom":"","ocean_display_top_bar":"off","ocean_display_header":"on","ocean_header_style":"custom","ocean_center_header_left_menu":"0","ocean_custom_header_template":"172","ocean_custom_logo":0,"ocean_custom_retina_logo":0,"ocean_custom_logo_max_width":0,"ocean_custom_logo_tablet_max_width":0,"ocean_custom_logo_mobile_max_width":0,"ocean_custom_logo_max_height":0,"ocean_custom_logo_tablet_max_height":0,"ocean_custom_logo_mobile_max_height":0,"ocean_header_custom_menu":"0","ocean_menu_typo_font_family":"0","ocean_menu_typo_font_subset":"","ocean_menu_typo_font_size":0,"ocean_menu_typo_font_size_tablet":0,"ocean_menu_typo_font_size_mobile":0,"ocean_menu_typo_font_size_unit":"px","ocean_menu_typo_font_weight":"","ocean_menu_typo_font_weight_tablet":"","ocean_menu_typo_font_weight_mobile":"","ocean_menu_typo_transform":"","ocean_menu_typo_transform_tablet":"","ocean_menu_typo_transform_mobile":"","ocean_menu_typo_line_height":0,"ocean_menu_typo_line_height_tablet":0,"ocean_menu_typo_line_height_mobile":0,"ocean_menu_typo_line_height_unit":"","ocean_menu_typo_spacing":0,"ocean_menu_typo_spacing_tablet":0,"ocean_menu_typo_spacing_mobile":0,"ocean_menu_typo_spacing_unit":"","ocean_menu_link_color":"","ocean_menu_link_color_hover":"","ocean_menu_link_color_active":"","ocean_menu_link_background":"","ocean_menu_link_hover_background":"","ocean_menu_link_active_background":"","ocean_menu_social_links_bg":"","ocean_menu_social_hover_links_bg":"","ocean_menu_social_links_color":"","ocean_menu_social_hover_links_color":"","ocean_disable_title":"on","ocean_disable_heading":"on","ocean_post_title":"","ocean_post_subheading":"","ocean_post_title_style":"","ocean_post_title_background_color":"","ocean_post_title_background":0,"ocean_post_title_bg_image_position":"","ocean_post_title_bg_image_attachment":"","ocean_post_title_bg_image_repeat":"","ocean_post_title_bg_image_size":"","ocean_post_title_height":0,"ocean_post_title_bg_overlay":0.5,"ocean_post_title_bg_overlay_color":"","ocean_disable_breadcrumbs":"off","ocean_breadcrumbs_color":"#0c7547","ocean_breadcrumbs_separator_color":"","ocean_breadcrumbs_links_color":"","ocean_breadcrumbs_links_hover_color":"","ocean_display_footer_widgets":"off","ocean_display_footer_bottom":"off","ocean_custom_footer_template":"0"},"product_brand":[],"product_cat":[20],"product_tag":[],"class_list":{"0":"post-3534","1":"product","2":"type-product","3":"status-publish","4":"has-post-thumbnail","6":"product_cat-mascotas","8":"entry","9":"has-media","11":"first","12":"instock","13":"sale","14":"shipping-taxable","15":"purchasable","16":"product-type-simple","17":"has-product-nav","18":"col","19":"span_1_of_3","20":"owp-content-center","21":"owp-thumbs-layout-horizontal","22":"owp-btn-normal","23":"owp-tabs-layout-horizontal"},"_links":{"self":[{"href":"https:\/\/mascotascolombia.org\/index.php\/wp-json\/wp\/v2\/product\/3534","targetHints":{"allow":["GET"]}}],"collection":[{"href":"https:\/\/mascotascolombia.org\/index.php\/wp-json\/wp\/v2\/product"}],"about":[{"href":"https:\/\/mascotascolombia.org\/index.php\/wp-json\/wp\/v2\/types\/product"}],"wp:featuredmedia":[{"embeddable":true,"href":"https:\/\/mascotascolombia.org\/index.php\/wp-json\/wp\/v2\/media\/6044"}],"wp:attachment":[{"href":"https:\/\/mascotascolombia.org\/index.php\/wp-json\/wp\/v2\/media?parent=3534"}],"wp:term":[{"taxonomy":"product_brand","embeddable":true,"href":"https:\/\/mascotascolombia.org\/index.php\/wp-json\/wp\/v2\/product_brand?post=3534"},{"taxonomy":"product_cat","embeddable":true,"href":"https:\/\/mascotascolombia.org\/index.php\/wp-json\/wp\/v2\/product_cat?post=3534"},{"taxonomy":"product_tag","embeddable":true,"href":"https:\/\/mascotascolombia.org\/index.php\/wp-json\/wp\/v2\/product_tag?post=3534"}],"curies":[{"name":"wp","href":"https:\/\/api.w.org\/{rel}","templated":true}]}}