{"id":3545,"date":"2021-05-31T00:48:15","date_gmt":"2021-05-31T00:48:15","guid":{"rendered":"https:\/\/new.mascotascolombia.org\/?post_type=product&#038;p=3545"},"modified":"2024-08-21T17:34:40","modified_gmt":"2024-08-21T17:34:40","slug":"chip-de-identificacion-subcutaneo-membresia-vip","status":"publish","type":"product","link":"https:\/\/mascotascolombia.org\/index.php\/producto\/chip-de-identificacion-subcutaneo-membresia-vip\/","title":{"rendered":"Chip de identificaci\u00f3n Subcut\u00e1neo + Membresia VIP"},"content":{"rendered":"<p><strong><em>El microchip de identificaci\u00f3n es un dispositivo de baja frecuencia que contiene un n\u00famero \u00fanico de quince d\u00edgitos con el que puede ser f\u00e1cilmente reconocida la identidad de tu mascota pues este se registra con todos los datos del perro\/gato y de su due\u00f1o. S\u00f3lo se activa con el lector de microchip. Su aplicaci\u00f3n es igual que una vacuna, en la zona del lomo, no tiene ninguna contraindicaci\u00f3n y es para toda la vida.<\/em><\/strong><\/p>\n<p><strong><em>Este dispositivo permite encontrar mucho m\u00e1s f\u00e1cil a tu mascota en caso de p\u00e9rdida o robo, adem\u00e1s que es la manera m\u00e1s segura de demostrar que eres el due\u00f1o de tu perro\/gato.<\/em><\/strong><\/p>\n<p>&nbsp;<\/p>\n<div><strong><em>M\u00e9todo de aplicaci\u00f3n<\/em><\/strong><\/div>\n<div><strong>\u00a0<\/strong><\/div>\n<div><strong><em>El microchip viene dentro de la jeringa de aplicaci\u00f3n, a la cual se debe retirar el seguro.<\/em><\/strong><\/div>\n<div><strong><em>El microchip se aplica entre las dos escapulas por v\u00eda subcut\u00e1nea.<\/em><\/strong><\/div>\n<div><strong><em>Previamente se debe desinfectar la zona de aplicaci\u00f3n.<\/em><\/strong><\/div>\n<div><strong><em>Es un procedimiento r\u00e1pido, ambulatorio y sin contraindicaciones.<\/em><\/strong><\/div>\n<div><strong><em>La jeringa de aplicaci\u00f3n debe ser desechada.<\/em><\/strong><\/div>\n<div><strong><em>\u00a0<\/em><\/strong><\/div>\n<div><strong>\u00a0<\/strong><\/div>\n<div><strong><em>Disposici\u00f3n legal<\/em><\/strong><\/div>\n<div><strong>\u00a0<\/strong><\/div>\n<div><strong><em>Somos una herramienta para dar cumplimiento al Art\u00edculo 108 de la ley 746 de 2002 el cual cita el Registro de los ejemplares potencialmente peligrosos.\u00a0<\/em><\/strong><\/div>\n<div><strong><em>\u00a0<\/em><\/strong><\/div>\n<div><strong><em>Otras ventajas del sistema:<\/em><\/strong><\/div>\n<div><strong>\u00a0<\/strong><\/div>\n<ul>\n<li><strong><em>Ayuda a evitar el abandono y\/o maltrato porque proporciona a las autoridades competentes. (La Ley 84 de 1989 es expl\u00edcita al contemplar el maltrato o abandono como una violaci\u00f3n a los derechos de los animales).<\/em><\/strong><\/li>\n<li><strong><em>Protecci\u00f3n y atenci\u00f3n integral a la fauna dom\u00e9stica callejera.<\/em><\/strong><\/li>\n<li><strong><em>En caso de ser encontrada la mascota, esta debe ser llevada a la polic\u00eda o entidad que tenga el lector facilitando su reubicaci\u00f3n<\/em><\/strong><\/li>\n<li><strong><em>Permite generar alertas de extrav\u00edo o robo, esto significa que el propietario puede acercarse a las entidades encargadas y\/o reportarlo en el portal Web, dando aviso de la p\u00e9rdida.<\/em><\/strong><\/li>\n<\/ul>\n<p>&nbsp;<\/p>\n<p>&nbsp;<\/p>\n<p><em><b>Incluye Placa de identificaci\u00f3n QR &#8211; Documento de Identidad (Membres\u00eda VIP para descuentos y Beneficios)<\/b><\/em><\/p>\n<p style=\"text-align: center;\"><iframe src=\"https:\/\/www.youtube.com\/embed\/yXTTG9Wrkck\" width=\"747\" height=\"420\" frameborder=\"0\" allowfullscreen=\"allowfullscreen\" data-mce-fragment=\"1\"><\/iframe><\/p>\n<p><em><strong>Por la compra de cualquiera de nuestros productos, estas contribuyendo a que un peludito tenga alimento y hogar.\u00a0<\/strong><\/em><\/p>\n<p>&nbsp;<\/p>\n","protected":false},"excerpt":{"rendered":"<p>El microchip de identificaci\u00f3n es un dispositivo de baja frecuencia que contiene un n\u00famero \u00fanico de quince d\u00edgitos con el que puede ser f\u00e1cilmente reconocida la identidad de tu mascota pues este se registra con todos los datos del perro\/gato y de su due\u00f1o. S\u00f3lo se activa con el lector de microchip. Su aplicaci\u00f3n es [&hellip;]<\/p>\n","protected":false},"featured_media":3546,"template":"","meta":{"ocean_post_layout":"full-width","ocean_both_sidebars_style":"","ocean_both_sidebars_content_width":0,"ocean_both_sidebars_sidebars_width":0,"ocean_sidebar":"0","ocean_second_sidebar":"0","ocean_disable_margins":"on","ocean_add_body_class":"","ocean_shortcode_before_top_bar":"","ocean_shortcode_after_top_bar":"","ocean_shortcode_before_header":"","ocean_shortcode_after_header":"","ocean_has_shortcode":"","ocean_shortcode_after_title":"","ocean_shortcode_before_footer_widgets":"","ocean_shortcode_after_footer_widgets":"","ocean_shortcode_before_footer_bottom":"","ocean_shortcode_after_footer_bottom":"","ocean_display_top_bar":"off","ocean_display_header":"on","ocean_header_style":"custom","ocean_center_header_left_menu":"0","ocean_custom_header_template":"172","ocean_custom_logo":0,"ocean_custom_retina_logo":0,"ocean_custom_logo_max_width":0,"ocean_custom_logo_tablet_max_width":0,"ocean_custom_logo_mobile_max_width":0,"ocean_custom_logo_max_height":0,"ocean_custom_logo_tablet_max_height":0,"ocean_custom_logo_mobile_max_height":0,"ocean_header_custom_menu":"2","ocean_menu_typo_font_family":"0","ocean_menu_typo_font_subset":"","ocean_menu_typo_font_size":0,"ocean_menu_typo_font_size_tablet":0,"ocean_menu_typo_font_size_mobile":0,"ocean_menu_typo_font_size_unit":"px","ocean_menu_typo_font_weight":"","ocean_menu_typo_font_weight_tablet":"","ocean_menu_typo_font_weight_mobile":"","ocean_menu_typo_transform":"","ocean_menu_typo_transform_tablet":"","ocean_menu_typo_transform_mobile":"","ocean_menu_typo_line_height":0,"ocean_menu_typo_line_height_tablet":0,"ocean_menu_typo_line_height_mobile":0,"ocean_menu_typo_line_height_unit":"","ocean_menu_typo_spacing":0,"ocean_menu_typo_spacing_tablet":0,"ocean_menu_typo_spacing_mobile":0,"ocean_menu_typo_spacing_unit":"","ocean_menu_link_color":"","ocean_menu_link_color_hover":"","ocean_menu_link_color_active":"","ocean_menu_link_background":"","ocean_menu_link_hover_background":"","ocean_menu_link_active_background":"","ocean_menu_social_links_bg":"","ocean_menu_social_hover_links_bg":"","ocean_menu_social_links_color":"","ocean_menu_social_hover_links_color":"","ocean_disable_title":"on","ocean_disable_heading":"on","ocean_post_title":"","ocean_post_subheading":"","ocean_post_title_style":"","ocean_post_title_background_color":"","ocean_post_title_background":0,"ocean_post_title_bg_image_position":"","ocean_post_title_bg_image_attachment":"","ocean_post_title_bg_image_repeat":"","ocean_post_title_bg_image_size":"","ocean_post_title_height":0,"ocean_post_title_bg_overlay":0.5,"ocean_post_title_bg_overlay_color":"","ocean_disable_breadcrumbs":"off","ocean_breadcrumbs_color":"#0c7547","ocean_breadcrumbs_separator_color":"","ocean_breadcrumbs_links_color":"","ocean_breadcrumbs_links_hover_color":"","ocean_display_footer_widgets":"off","ocean_display_footer_bottom":"off","ocean_custom_footer_template":"0"},"product_brand":[],"product_cat":[20],"product_tag":[],"class_list":{"0":"post-3545","1":"product","2":"type-product","3":"status-publish","4":"has-post-thumbnail","6":"product_cat-mascotas","8":"entry","9":"has-media","11":"first","12":"instock","13":"shipping-taxable","14":"purchasable","15":"product-type-simple","16":"has-product-nav","17":"col","18":"span_1_of_3","19":"owp-content-center","20":"owp-thumbs-layout-horizontal","21":"owp-btn-normal","22":"owp-tabs-layout-horizontal","23":"has-no-thumbnails"},"_links":{"self":[{"href":"https:\/\/mascotascolombia.org\/index.php\/wp-json\/wp\/v2\/product\/3545","targetHints":{"allow":["GET"]}}],"collection":[{"href":"https:\/\/mascotascolombia.org\/index.php\/wp-json\/wp\/v2\/product"}],"about":[{"href":"https:\/\/mascotascolombia.org\/index.php\/wp-json\/wp\/v2\/types\/product"}],"wp:featuredmedia":[{"embeddable":true,"href":"https:\/\/mascotascolombia.org\/index.php\/wp-json\/wp\/v2\/media\/3546"}],"wp:attachment":[{"href":"https:\/\/mascotascolombia.org\/index.php\/wp-json\/wp\/v2\/media?parent=3545"}],"wp:term":[{"taxonomy":"product_brand","embeddable":true,"href":"https:\/\/mascotascolombia.org\/index.php\/wp-json\/wp\/v2\/product_brand?post=3545"},{"taxonomy":"product_cat","embeddable":true,"href":"https:\/\/mascotascolombia.org\/index.php\/wp-json\/wp\/v2\/product_cat?post=3545"},{"taxonomy":"product_tag","embeddable":true,"href":"https:\/\/mascotascolombia.org\/index.php\/wp-json\/wp\/v2\/product_tag?post=3545"}],"curies":[{"name":"wp","href":"https:\/\/api.w.org\/{rel}","templated":true}]}}